{"id":28,"date":"2021-07-13T11:36:51","date_gmt":"2021-07-13T09:36:51","guid":{"rendered":"https:\/\/naturallook.kinsta.cloud\/?page_id=28"},"modified":"2025-02-25T12:32:28","modified_gmt":"2025-02-25T11:32:28","slug":"elementor","status":"publish","type":"page","link":"https:\/\/www.naturallook.it\/de\/","title":{"rendered":"home"},"content":{"rendered":"\t\t<div data-elementor-type=\"wp-page\" data-elementor-id=\"28\" class=\"elementor elementor-28\" data-elementor-post-type=\"page\">\n\t\t\t\t\t\t<section class=\"elementor-section elementor-top-section elementor-element elementor-element-82e4023 elementor-section-height-min-height elementor-section-items-stretch elementor-section-full_width elementor-section-height-default\" data-id=\"82e4023\" data-element_type=\"section\" data-settings=\"{&quot;background_background&quot;:&quot;classic&quot;}\">\n\t\t\t\t\t\t<div class=\"elementor-container elementor-column-gap-default\">\n\t\t\t\t\t<div class=\"elementor-column elementor-col-100 elementor-top-column elementor-element elementor-element-9fcf58b\" data-id=\"9fcf58b\" data-element_type=\"column\">\n\t\t\t<div class=\"elementor-widget-wrap\">\n\t\t\t\t\t\t\t<\/div>\n\t\t<\/div>\n\t\t\t\t\t<\/div>\n\t\t<\/section>\n\t\t\t\t<section class=\"elementor-section elementor-top-section elementor-element elementor-element-72a30a6 elementor-section-boxed elementor-section-height-default elementor-section-height-default\" data-id=\"72a30a6\" data-element_type=\"section\">\n\t\t\t\t\t\t<div class=\"elementor-container elementor-column-gap-default\">\n\t\t\t\t\t<div class=\"elementor-column elementor-col-16 elementor-top-column elementor-element elementor-element-8c568a1\" data-id=\"8c568a1\" data-element_type=\"column\">\n\t\t\t<div class=\"elementor-widget-wrap\">\n\t\t\t\t\t\t\t<\/div>\n\t\t<\/div>\n\t\t\t\t<div class=\"elementor-column elementor-col-66 elementor-top-column elementor-element elementor-element-dbc4a56\" data-id=\"dbc4a56\" data-element_type=\"column\">\n\t\t\t<div class=\"elementor-widget-wrap elementor-element-populated\">\n\t\t\t\t\t\t<div class=\"elementor-element elementor-element-6c2a89d blue elementor-widget elementor-widget-text-editor\" data-id=\"6c2a89d\" data-element_type=\"widget\" data-widget_type=\"text-editor.default\">\n\t\t\t\t<div class=\"elementor-widget-container\">\n\t\t\t\t\t\t\t\t\t<h1><strong>OUR SHOES<\/strong> TAKE YOU TO GOOD PLACES<\/h1>\t\t\t\t\t\t\t\t<\/div>\n\t\t\t\t<\/div>\n\t\t\t\t<div class=\"elementor-element elementor-element-c124e4e elementor-widget elementor-widget-text-editor\" data-id=\"c124e4e\" data-element_type=\"widget\" data-widget_type=\"text-editor.default\">\n\t\t\t\t<div class=\"elementor-widget-container\">\n\t\t\t\t\t\t\t\t\t<h2>Ein Unternehmen und seine Mission:<\/h2><h2>hochwertige Schuhe f\u00fcr Italien und ganz Europa.<\/h2>\t\t\t\t\t\t\t\t<\/div>\n\t\t\t\t<\/div>\n\t\t\t\t<div class=\"elementor-element elementor-element-43d3b24 elementor-widget elementor-widget-text-editor\" data-id=\"43d3b24\" data-element_type=\"widget\" data-widget_type=\"text-editor.default\">\n\t\t\t\t<div class=\"elementor-widget-container\">\n\t\t\t\t\t\t\t\t\t<p>Leidenschaft, Professionalit\u00e4t und marktspezifisches Know-how in der Distribution und im Brand Development von Schuhen zeichnen NaturalLook schon <a href=\"\/unternehmen\/\"><strong>seit 1974<\/strong><\/a> aus. Die vom Unternehmen vertretenen Marken stammen haupts\u00e4chlich aus Europa und finden \u00fcber NaturalLook ihren Weg in mittlerweile rund 2.000 Fachgesch\u00e4fte und hochwertige Webshops in Italien und dar\u00fcber hinaus. Dabei m\u00fcssen die Produkte einerseits originell und funktionell sein, andererseits h\u00f6chsten Tragekomfort und eine verantwortungsvolle Produktion aufweisen \u2013 nur so erhalten sie einen Platz im Brand-Portfolio.<\/p><p>Die Kund:innen w\u00fcnschen sich wertige, authentische und nachhaltig hergestellte Schuhe: Das beweisen die Marken <strong>Birkenstock<\/strong>, <strong>FinnComfort<\/strong>, <strong>Haflinger,<\/strong> <strong>EMU Australia, KEEN <\/strong>und <strong>Buffalo<\/strong>. Mit jahrzehntelanger Erfahrung in den Bereichen Sales, Marketing, Logistics und mehr ist NaturalLook der ideale Partner, um Ihre Erfolge in Italien und Europa nachhaltig zu steigern.<\/p>\t\t\t\t\t\t\t\t<\/div>\n\t\t\t\t<\/div>\n\t\t\t\t\t<\/div>\n\t\t<\/div>\n\t\t\t\t<div class=\"elementor-column elementor-col-16 elementor-top-column elementor-element elementor-element-4e47a50\" data-id=\"4e47a50\" data-element_type=\"column\">\n\t\t\t<div class=\"elementor-widget-wrap\">\n\t\t\t\t\t\t\t<\/div>\n\t\t<\/div>\n\t\t\t\t\t<\/div>\n\t\t<\/section>\n\t\t\t\t<section class=\"elementor-section elementor-top-section elementor-element elementor-element-d0b82f5 elementor-hidden-desktop elementor-hidden-tablet elementor-section-boxed elementor-section-height-default elementor-section-height-default\" data-id=\"d0b82f5\" data-element_type=\"section\">\n\t\t\t\t\t\t<div class=\"elementor-container elementor-column-gap-default\">\n\t\t\t\t\t<div class=\"elementor-column elementor-col-100 elementor-top-column elementor-element elementor-element-4839a2c\" data-id=\"4839a2c\" data-element_type=\"column\">\n\t\t\t<div class=\"elementor-widget-wrap\">\n\t\t\t\t\t\t\t<\/div>\n\t\t<\/div>\n\t\t\t\t\t<\/div>\n\t\t<\/section>\n\t\t\t\t<section class=\"elementor-section elementor-top-section elementor-element elementor-element-d36f0bd elementor-hidden-desktop elementor-hidden-tablet elementor-section-boxed elementor-section-height-default elementor-section-height-default\" data-id=\"d36f0bd\" data-element_type=\"section\">\n\t\t\t\t\t\t<div class=\"elementor-container elementor-column-gap-default\">\n\t\t\t\t\t<div class=\"elementor-column elementor-col-100 elementor-top-column elementor-element elementor-element-21c8315\" data-id=\"21c8315\" data-element_type=\"column\">\n\t\t\t<div class=\"elementor-widget-wrap elementor-element-populated\">\n\t\t\t\t\t\t<div class=\"elementor-element elementor-element-3a0a0f9 elementor-widget-divider--view-line elementor-widget elementor-widget-divider\" data-id=\"3a0a0f9\" data-element_type=\"widget\" data-widget_type=\"divider.default\">\n\t\t\t\t<div class=\"elementor-widget-container\">\n\t\t\t\t\t\t\t<div class=\"elementor-divider\">\n\t\t\t<span class=\"elementor-divider-separator\">\n\t\t\t\t\t\t<\/span>\n\t\t<\/div>\n\t\t\t\t\t\t<\/div>\n\t\t\t\t<\/div>\n\t\t\t\t\t<\/div>\n\t\t<\/div>\n\t\t\t\t\t<\/div>\n\t\t<\/section>\n\t\t\t\t<section class=\"elementor-section elementor-top-section elementor-element elementor-element-f6350ef elementor-section-boxed elementor-section-height-default elementor-section-height-default\" data-id=\"f6350ef\" data-element_type=\"section\">\n\t\t\t\t\t\t<div class=\"elementor-container elementor-column-gap-default\">\n\t\t\t\t\t<div class=\"elementor-column elementor-col-16 elementor-top-column elementor-element elementor-element-440827f\" data-id=\"440827f\" data-element_type=\"column\">\n\t\t\t<div class=\"elementor-widget-wrap\">\n\t\t\t\t\t\t\t<\/div>\n\t\t<\/div>\n\t\t\t\t<div class=\"elementor-column elementor-col-66 elementor-top-column elementor-element elementor-element-1bd7e57\" data-id=\"1bd7e57\" data-element_type=\"column\">\n\t\t\t<div class=\"elementor-widget-wrap elementor-element-populated\">\n\t\t\t\t\t\t<div class=\"elementor-element elementor-element-efebedd elementor-widget elementor-widget-text-editor\" data-id=\"efebedd\" data-element_type=\"widget\" data-widget_type=\"text-editor.default\">\n\t\t\t\t<div class=\"elementor-widget-container\">\n\t\t\t\t\t\t\t\t\t<p>NEWSLETTER ANMELDEN<\/p>\t\t\t\t\t\t\t\t<\/div>\n\t\t\t\t<\/div>\n\t\t\t\t<div class=\"elementor-element elementor-element-2abeed3 form-custom elementor-widget elementor-widget-shortcode\" data-id=\"2abeed3\" data-element_type=\"widget\" data-widget_type=\"shortcode.default\">\n\t\t\t\t<div class=\"elementor-widget-container\">\n\t\t\t\t\t\t\t<div class=\"elementor-shortcode\">\n<div class=\"wpcf7 no-js\" id=\"wpcf7-f2022-o1\" lang=\"de-DE\" dir=\"ltr\" data-wpcf7-id=\"2022\">\n<div class=\"screen-reader-response\"><p role=\"status\" aria-live=\"polite\" aria-atomic=\"true\"><\/p> <ul><\/ul><\/div>\n<form action=\"\/de\/wp-json\/wp\/v2\/pages\/28#wpcf7-f2022-o1\" method=\"post\" class=\"wpcf7-form init\" aria-label=\"Kontaktformular\" novalidate=\"novalidate\" data-status=\"init\">\n<div style=\"display: none;\">\n<input type=\"hidden\" name=\"_wpcf7\" value=\"2022\" \/>\n<input type=\"hidden\" name=\"_wpcf7_version\" value=\"6.0.6\" \/>\n<input type=\"hidden\" name=\"_wpcf7_locale\" value=\"de_DE\" \/>\n<input type=\"hidden\" name=\"_wpcf7_unit_tag\" value=\"wpcf7-f2022-o1\" \/>\n<input type=\"hidden\" name=\"_wpcf7_container_post\" value=\"0\" \/>\n<input type=\"hidden\" name=\"_wpcf7_posted_data_hash\" value=\"\" \/>\n<\/div>\n<div class=\"nl-contact newsletter\">\n\t<div class=\"row1\">\n\t\t<p><span class=\"wpcf7-form-control-wrap\" data-name=\"gender\"><select class=\"wpcf7-form-control wpcf7-select\" aria-invalid=\"false\" name=\"gender\"><option value=\"Anrede\">Anrede<\/option><option value=\"Frau\">Frau<\/option><option value=\"Herr\">Herr<\/option><option value=\"Divers\">Divers<\/option><\/select><\/span><span class=\"wpcf7-form-control-wrap\" data-name=\"your-name\"><input size=\"40\" maxlength=\"400\" class=\"wpcf7-form-control wpcf7-text wpcf7-validates-as-required\" aria-required=\"true\" aria-invalid=\"false\" placeholder=\"Vor- und Nachname\" value=\"\" type=\"text\" name=\"your-name\" \/><\/span><span class=\"wpcf7-form-control-wrap\" data-name=\"your-email\"><input size=\"40\" maxlength=\"400\" class=\"wpcf7-form-control wpcf7-email wpcf7-validates-as-required wpcf7-text wpcf7-validates-as-email\" aria-required=\"true\" aria-invalid=\"false\" placeholder=\"E-Mail-Adresse\" value=\"\" type=\"email\" name=\"your-email\" \/><\/span>\n\t\t<\/p>\n\t<\/div>\n\t<div class=\"terms\">\n\t\t<p><span class=\"wpcf7-form-control-wrap\" data-name=\"checkbox-agree_to_terms\"><span class=\"wpcf7-form-control wpcf7-checkbox wpcf7-validates-as-required\"><span class=\"wpcf7-list-item first last\"><label><input type=\"checkbox\" name=\"checkbox-agree_to_terms[]\" value=\"Ich stimme der Zusendung der Newsletter zu, akzeptiere die Allgemeinen Gesch\u00e4ftsbedingungen und die Datenschutzrichtlinien.*\" \/><span class=\"wpcf7-list-item-label\">Ich stimme der Zusendung der Newsletter zu, akzeptiere die Allgemeinen Gesch\u00e4ftsbedingungen und die Datenschutzrichtlinien.*<\/span><\/label><\/span><\/span><\/span><span class=\"wpcf7-form-control-wrap\" data-name=\"checkbox-agree_to_profile\"><span class=\"wpcf7-form-control wpcf7-checkbox wpcf7-validates-as-required\"><span class=\"wpcf7-list-item first last\"><label><input type=\"checkbox\" name=\"checkbox-agree_to_profile[]\" value=\"Ich stimme der Erstellung des Kundenprofils zu, um individuelle Informationen zu erhalten.*\" \/><span class=\"wpcf7-list-item-label\">Ich stimme der Erstellung des Kundenprofils zu, um individuelle Informationen zu erhalten.*<\/span><\/label><\/span><\/span><\/span>\n\t\t<\/p>\n\t<\/div>\n\t<p><input class=\"wpcf7-form-control wpcf7-submit has-spinner\" type=\"submit\" value=\"Anmelden\" \/>\n\t<\/p>\n<\/div><div class=\"wpcf7-response-output\" aria-hidden=\"true\"><\/div>\n<\/form>\n<\/div>\n<\/div>\n\t\t\t\t\t\t<\/div>\n\t\t\t\t<\/div>\n\t\t\t\t\t<\/div>\n\t\t<\/div>\n\t\t\t\t<div class=\"elementor-column elementor-col-16 elementor-top-column elementor-element elementor-element-41b5721\" data-id=\"41b5721\" data-element_type=\"column\">\n\t\t\t<div class=\"elementor-widget-wrap\">\n\t\t\t\t\t\t\t<\/div>\n\t\t<\/div>\n\t\t\t\t\t<\/div>\n\t\t<\/section>\n\t\t\t\t<\/div>\n\t\t","protected":false},"excerpt":{"rendered":"<p>OUR SHOES TAKE YOU TO GOOD PLACES Ein Unternehmen und seine Mission: hochwertige Schuhe f\u00fcr Italien und ganz Europa. Leidenschaft, Professionalit\u00e4t und marktspezifisches Know-how in der Distribution und im Brand Development von Schuhen zeichnen NaturalLook schon seit 1974 aus. Die vom Unternehmen vertretenen Marken stammen haupts\u00e4chlich aus Europa und finden \u00fcber NaturalLook ihren Weg in &hellip;<\/p>\n<p class=\"read-more\"> <a class=\"\" href=\"https:\/\/www.naturallook.it\/de\/\"> <span class=\"screen-reader-text\">home<\/span> Weiterlesen &raquo;<\/a><\/p>\n","protected":false},"author":1,"featured_media":0,"parent":0,"menu_order":0,"comment_status":"closed","ping_status":"closed","template":"","meta":{"footnotes":""},"class_list":["post-28","page","type-page","status-publish","hentry"],"yoast_head":"<!-- This site is optimized with the Yoast SEO plugin v25.0 - https:\/\/yoast.com\/wordpress\/plugins\/seo\/ -->\n<title>NaturalLook: Distribution von Schuhen im Herzen Europas<\/title>\n<meta name=\"description\" content=\"Wir bauen Ihre Marke gemeinsam mit Ihnen auf und positionieren sie so, dass Sie mit Ihren Produkten neue Kund:innen erreichen und begeistern.\" \/>\n<meta name=\"robots\" content=\"index, follow, max-snippet:-1, max-image-preview:large, max-video-preview:-1\" \/>\n<link rel=\"canonical\" href=\"https:\/\/www.naturallook.it\/de\/\" \/>\n<meta property=\"og:locale\" content=\"de_DE\" \/>\n<meta property=\"og:type\" content=\"article\" \/>\n<meta property=\"og:title\" content=\"NaturalLook: Distribution von Schuhen im Herzen Europas\" \/>\n<meta property=\"og:description\" content=\"Wir bauen Ihre Marke gemeinsam mit Ihnen auf und positionieren sie so, dass Sie mit Ihren Produkten neue Kund:innen erreichen und begeistern.\" \/>\n<meta property=\"og:url\" content=\"https:\/\/www.naturallook.it\/de\/\" \/>\n<meta property=\"og:site_name\" content=\"Naturallook\" \/>\n<meta property=\"article:modified_time\" content=\"2025-02-25T11:32:28+00:00\" \/>\n<meta name=\"twitter:card\" content=\"summary_large_image\" \/>\n<meta name=\"twitter:label1\" content=\"Gesch\u00e4tzte Lesezeit\" \/>\n\t<meta name=\"twitter:data1\" content=\"1\u00a0Minute\" \/>\n<script type=\"application\/ld+json\" class=\"yoast-schema-graph\">{\"@context\":\"https:\/\/schema.org\",\"@graph\":[{\"@type\":\"WebPage\",\"@id\":\"https:\/\/www.naturallook.it\/de\/\",\"url\":\"https:\/\/www.naturallook.it\/de\/\",\"name\":\"NaturalLook: Distribution von Schuhen im Herzen Europas\",\"isPartOf\":{\"@id\":\"https:\/\/www.naturallook.it\/de\/#website\"},\"datePublished\":\"2021-07-13T09:36:51+00:00\",\"dateModified\":\"2025-02-25T11:32:28+00:00\",\"description\":\"Wir bauen Ihre Marke gemeinsam mit Ihnen auf und positionieren sie so, dass Sie mit Ihren Produkten neue Kund:innen erreichen und begeistern.\",\"breadcrumb\":{\"@id\":\"https:\/\/www.naturallook.it\/de\/#breadcrumb\"},\"inLanguage\":\"de\",\"potentialAction\":[{\"@type\":\"ReadAction\",\"target\":[\"https:\/\/www.naturallook.it\/de\/\"]}]},{\"@type\":\"BreadcrumbList\",\"@id\":\"https:\/\/www.naturallook.it\/de\/#breadcrumb\",\"itemListElement\":[{\"@type\":\"ListItem\",\"position\":1,\"name\":\"Startseite\",\"item\":\"https:\/\/www.naturallook.it\/de\/\"},{\"@type\":\"ListItem\",\"position\":2,\"name\":\"home\"}]},{\"@type\":\"WebSite\",\"@id\":\"https:\/\/www.naturallook.it\/de\/#website\",\"url\":\"https:\/\/www.naturallook.it\/de\/\",\"name\":\"Naturallook\",\"description\":\"\",\"publisher\":{\"@id\":\"https:\/\/www.naturallook.it\/de\/#organization\"},\"potentialAction\":[{\"@type\":\"SearchAction\",\"target\":{\"@type\":\"EntryPoint\",\"urlTemplate\":\"https:\/\/www.naturallook.it\/de\/?s={search_term_string}\"},\"query-input\":{\"@type\":\"PropertyValueSpecification\",\"valueRequired\":true,\"valueName\":\"search_term_string\"}}],\"inLanguage\":\"de\"},{\"@type\":\"Organization\",\"@id\":\"https:\/\/www.naturallook.it\/de\/#organization\",\"name\":\"Naturallook\",\"url\":\"https:\/\/www.naturallook.it\/de\/\",\"logo\":{\"@type\":\"ImageObject\",\"inLanguage\":\"de\",\"@id\":\"https:\/\/www.naturallook.it\/de\/#\/schema\/logo\/image\/\",\"url\":\"https:\/\/www.naturallook.it\/wp-content\/uploads\/2021\/07\/cropped-logo.png\",\"contentUrl\":\"https:\/\/www.naturallook.it\/wp-content\/uploads\/2021\/07\/cropped-logo.png\",\"width\":247,\"height\":82,\"caption\":\"Naturallook\"},\"image\":{\"@id\":\"https:\/\/www.naturallook.it\/de\/#\/schema\/logo\/image\/\"}}]}<\/script>\n<!-- \/ Yoast SEO plugin. -->","yoast_head_json":{"title":"NaturalLook: Distribution von Schuhen im Herzen Europas","description":"Wir bauen Ihre Marke gemeinsam mit Ihnen auf und positionieren sie so, dass Sie mit Ihren Produkten neue Kund:innen erreichen und begeistern.","robots":{"index":"index","follow":"follow","max-snippet":"max-snippet:-1","max-image-preview":"max-image-preview:large","max-video-preview":"max-video-preview:-1"},"canonical":"https:\/\/www.naturallook.it\/de\/","og_locale":"de_DE","og_type":"article","og_title":"NaturalLook: Distribution von Schuhen im Herzen Europas","og_description":"Wir bauen Ihre Marke gemeinsam mit Ihnen auf und positionieren sie so, dass Sie mit Ihren Produkten neue Kund:innen erreichen und begeistern.","og_url":"https:\/\/www.naturallook.it\/de\/","og_site_name":"Naturallook","article_modified_time":"2025-02-25T11:32:28+00:00","twitter_card":"summary_large_image","twitter_misc":{"Gesch\u00e4tzte Lesezeit":"1\u00a0Minute"},"schema":{"@context":"https:\/\/schema.org","@graph":[{"@type":"WebPage","@id":"https:\/\/www.naturallook.it\/de\/","url":"https:\/\/www.naturallook.it\/de\/","name":"NaturalLook: Distribution von Schuhen im Herzen Europas","isPartOf":{"@id":"https:\/\/www.naturallook.it\/de\/#website"},"datePublished":"2021-07-13T09:36:51+00:00","dateModified":"2025-02-25T11:32:28+00:00","description":"Wir bauen Ihre Marke gemeinsam mit Ihnen auf und positionieren sie so, dass Sie mit Ihren Produkten neue Kund:innen erreichen und begeistern.","breadcrumb":{"@id":"https:\/\/www.naturallook.it\/de\/#breadcrumb"},"inLanguage":"de","potentialAction":[{"@type":"ReadAction","target":["https:\/\/www.naturallook.it\/de\/"]}]},{"@type":"BreadcrumbList","@id":"https:\/\/www.naturallook.it\/de\/#breadcrumb","itemListElement":[{"@type":"ListItem","position":1,"name":"Startseite","item":"https:\/\/www.naturallook.it\/de\/"},{"@type":"ListItem","position":2,"name":"home"}]},{"@type":"WebSite","@id":"https:\/\/www.naturallook.it\/de\/#website","url":"https:\/\/www.naturallook.it\/de\/","name":"Naturallook","description":"","publisher":{"@id":"https:\/\/www.naturallook.it\/de\/#organization"},"potentialAction":[{"@type":"SearchAction","target":{"@type":"EntryPoint","urlTemplate":"https:\/\/www.naturallook.it\/de\/?s={search_term_string}"},"query-input":{"@type":"PropertyValueSpecification","valueRequired":true,"valueName":"search_term_string"}}],"inLanguage":"de"},{"@type":"Organization","@id":"https:\/\/www.naturallook.it\/de\/#organization","name":"Naturallook","url":"https:\/\/www.naturallook.it\/de\/","logo":{"@type":"ImageObject","inLanguage":"de","@id":"https:\/\/www.naturallook.it\/de\/#\/schema\/logo\/image\/","url":"https:\/\/www.naturallook.it\/wp-content\/uploads\/2021\/07\/cropped-logo.png","contentUrl":"https:\/\/www.naturallook.it\/wp-content\/uploads\/2021\/07\/cropped-logo.png","width":247,"height":82,"caption":"Naturallook"},"image":{"@id":"https:\/\/www.naturallook.it\/de\/#\/schema\/logo\/image\/"}}]}},"_links":{"self":[{"href":"https:\/\/www.naturallook.it\/de\/wp-json\/wp\/v2\/pages\/28","targetHints":{"allow":["GET"]}}],"collection":[{"href":"https:\/\/www.naturallook.it\/de\/wp-json\/wp\/v2\/pages"}],"about":[{"href":"https:\/\/www.naturallook.it\/de\/wp-json\/wp\/v2\/types\/page"}],"author":[{"embeddable":true,"href":"https:\/\/www.naturallook.it\/de\/wp-json\/wp\/v2\/users\/1"}],"replies":[{"embeddable":true,"href":"https:\/\/www.naturallook.it\/de\/wp-json\/wp\/v2\/comments?post=28"}],"version-history":[{"count":222,"href":"https:\/\/www.naturallook.it\/de\/wp-json\/wp\/v2\/pages\/28\/revisions"}],"predecessor-version":[{"id":7529,"href":"https:\/\/www.naturallook.it\/de\/wp-json\/wp\/v2\/pages\/28\/revisions\/7529"}],"wp:attachment":[{"href":"https:\/\/www.naturallook.it\/de\/wp-json\/wp\/v2\/media?parent=28"}],"curies":[{"name":"wp","href":"https:\/\/api.w.org\/{rel}","templated":true}]}}