{"id":1281,"date":"2021-09-18T11:36:16","date_gmt":"2021-09-18T09:36:16","guid":{"rendered":"https:\/\/naturallook.kinsta.cloud\/?page_id=1281"},"modified":"2023-10-02T09:58:03","modified_gmt":"2023-10-02T07:58:03","slug":"impressum","status":"publish","type":"page","link":"https:\/\/www.naturallook.it\/de\/impressum\/","title":{"rendered":"Impressum"},"content":{"rendered":"\t\t<div data-elementor-type=\"wp-page\" data-elementor-id=\"1281\" class=\"elementor elementor-1281\" data-elementor-post-type=\"page\">\n\t\t\t\t\t\t<section class=\"elementor-section elementor-top-section elementor-element elementor-element-c316d81 elementor-section-boxed elementor-section-height-default elementor-section-height-default\" data-id=\"c316d81\" data-element_type=\"section\">\n\t\t\t\t\t\t<div class=\"elementor-container elementor-column-gap-default\">\n\t\t\t\t\t<div class=\"elementor-column elementor-col-16 elementor-top-column elementor-element elementor-element-45cf173\" data-id=\"45cf173\" data-element_type=\"column\">\n\t\t\t<div class=\"elementor-widget-wrap\">\n\t\t\t\t\t\t\t<\/div>\n\t\t<\/div>\n\t\t\t\t<div class=\"elementor-column elementor-col-66 elementor-top-column elementor-element elementor-element-eb6c36c\" data-id=\"eb6c36c\" data-element_type=\"column\">\n\t\t\t<div class=\"elementor-widget-wrap elementor-element-populated\">\n\t\t\t\t\t\t<div class=\"elementor-element elementor-element-4eaacfd blue elementor-widget elementor-widget-text-editor\" data-id=\"4eaacfd\" data-element_type=\"widget\" data-widget_type=\"text-editor.default\">\n\t\t\t\t<div class=\"elementor-widget-container\">\n\t\t\t\t\t\t\t\t\t<h1><strong>Impressum<\/strong><\/h1>\t\t\t\t\t\t\t\t<\/div>\n\t\t\t\t<\/div>\n\t\t\t\t<div class=\"elementor-element elementor-element-019ed88 elementor-widget elementor-widget-text-editor\" data-id=\"019ed88\" data-element_type=\"widget\" data-widget_type=\"text-editor.default\">\n\t\t\t\t<div class=\"elementor-widget-container\">\n\t\t\t\t\t\t\t\t\t<p><span style=\"color: #ff5f1e;\"><span style=\"color: #000000;\">Diese Website wird betrieben und betreut von:<\/span> <\/span><\/p>\t\t\t\t\t\t\t\t<\/div>\n\t\t\t\t<\/div>\n\t\t\t\t<div class=\"elementor-element elementor-element-cad8226 elementor-widget elementor-widget-text-editor\" data-id=\"cad8226\" data-element_type=\"widget\" data-widget_type=\"text-editor.default\">\n\t\t\t\t<div class=\"elementor-widget-container\">\n\t\t\t\t\t\t\t\t\t<p>NaturalLook GmbH<br>Braillestra\u00dfe 7<br>39100 Bozen (BZ)<br>Tel. 0471-531253<br>info@naturallook.it<\/p>\n<p>Gesch\u00e4ftsf\u00fchrer: Frowin Pitschl<\/p>\n<p>MwSt-Nr., Steuernummer und Handelsregister: 01479900217<\/p>\n<p>Gesellschaftskapital: \u20ac 1.000.000<\/p>\n<p>Copyright: \u00a9 NaturalLook GmbH<\/p>\n<p>Das Unternehmen unterliegt der Leitung und Koordination durch die Waypix Invest GmbH<\/p>\n<p>Kodex fu\u0308r die elektronische Fakturierung: CLJB5DS<\/p>\t\t\t\t\t\t\t\t<\/div>\n\t\t\t\t<\/div>\n\t\t\t\t<div class=\"elementor-element elementor-element-99f1e89 elementor-widget elementor-widget-text-editor\" data-id=\"99f1e89\" data-element_type=\"widget\" data-widget_type=\"text-editor.default\">\n\t\t\t\t<div class=\"elementor-widget-container\">\n\t\t\t\t\t\t\t\t\t<p>Konzept &amp; Projektmanagement<\/p>\n<p>clicktext GmbH<\/p>\n<p>Marktplatz 6<\/p>\n<p>39052 Kaltern (BZ)<\/p>\n<p>info@clicktext.it<\/p>\n<p>www.clicktext.it<\/p>\n<p><br><\/p>\n<p>Entwicklung \/ DEV<strong><br><\/strong>Switch d. Gernot Weithofer<\/p>\n<p>Hauptstrasse 68<\/p>\n<p>39018 Terlan (BZ)<\/p>\n<p>gernot@weithofer.it<\/p>\n<p>www.weithofer.it<br><\/p>\n<p><br><\/p>\n<p style=\"font-size: 20px; font-style: normal; font-weight: 300; letter-spacing: 0.4px;\">Grafik &amp; Screendesign<span style=\"font-weight: 700;\"><br><\/span><\/p>\n<p style=\"font-size: 20px; font-style: normal; font-weight: 300; letter-spacing: 0.4px;\">LONGO AG<\/p>\n<p style=\"\">Johann Kravogl Stra\u00dfe 7<\/p>\n<p style=\"\">39100 &#8211; Bozen (BZ)<\/p>\n<p style=\"\">info@longo.media<\/p>\n<p style=\"\">www.longo.media<\/p>\t\t\t\t\t\t\t\t<\/div>\n\t\t\t\t<\/div>\n\t\t\t\t\t<\/div>\n\t\t<\/div>\n\t\t\t\t<div class=\"elementor-column elementor-col-16 elementor-top-column elementor-element elementor-element-1491af5\" data-id=\"1491af5\" data-element_type=\"column\">\n\t\t\t<div class=\"elementor-widget-wrap\">\n\t\t\t\t\t\t\t<\/div>\n\t\t<\/div>\n\t\t\t\t\t<\/div>\n\t\t<\/section>\n\t\t\t\t<section class=\"elementor-section elementor-top-section elementor-element elementor-element-9621538 elementor-hidden-desktop elementor-hidden-tablet elementor-section-boxed elementor-section-height-default elementor-section-height-default\" data-id=\"9621538\" data-element_type=\"section\">\n\t\t\t\t\t\t<div class=\"elementor-container elementor-column-gap-default\">\n\t\t\t\t\t<div class=\"elementor-column elementor-col-100 elementor-top-column elementor-element elementor-element-25f5566\" data-id=\"25f5566\" data-element_type=\"column\">\n\t\t\t<div class=\"elementor-widget-wrap elementor-element-populated\">\n\t\t\t\t\t\t<div class=\"elementor-element elementor-element-ca3c1f3 elementor-widget-divider--view-line elementor-widget elementor-widget-divider\" data-id=\"ca3c1f3\" data-element_type=\"widget\" data-widget_type=\"divider.default\">\n\t\t\t\t<div class=\"elementor-widget-container\">\n\t\t\t\t\t\t\t<div class=\"elementor-divider\">\n\t\t\t<span class=\"elementor-divider-separator\">\n\t\t\t\t\t\t<\/span>\n\t\t<\/div>\n\t\t\t\t\t\t<\/div>\n\t\t\t\t<\/div>\n\t\t\t\t\t<\/div>\n\t\t<\/div>\n\t\t\t\t\t<\/div>\n\t\t<\/section>\n\t\t\t\t<section class=\"elementor-section elementor-top-section elementor-element elementor-element-f6a4225 elementor-section-boxed elementor-section-height-default elementor-section-height-default\" data-id=\"f6a4225\" data-element_type=\"section\">\n\t\t\t\t\t\t<div class=\"elementor-container elementor-column-gap-default\">\n\t\t\t\t\t<div class=\"elementor-column elementor-col-16 elementor-top-column elementor-element elementor-element-ee28e77\" data-id=\"ee28e77\" data-element_type=\"column\">\n\t\t\t<div class=\"elementor-widget-wrap\">\n\t\t\t\t\t\t\t<\/div>\n\t\t<\/div>\n\t\t\t\t<div class=\"elementor-column elementor-col-66 elementor-top-column elementor-element elementor-element-05f3365\" data-id=\"05f3365\" data-element_type=\"column\">\n\t\t\t<div class=\"elementor-widget-wrap elementor-element-populated\">\n\t\t\t\t\t\t<div class=\"elementor-element elementor-element-5b0aa68 elementor-widget elementor-widget-text-editor\" data-id=\"5b0aa68\" data-element_type=\"widget\" data-widget_type=\"text-editor.default\">\n\t\t\t\t<div class=\"elementor-widget-container\">\n\t\t\t\t\t\t\t\t\t<p>NEWSLETTER ANMELDEN<\/p>\t\t\t\t\t\t\t\t<\/div>\n\t\t\t\t<\/div>\n\t\t\t\t<div class=\"elementor-element elementor-element-7c08a77 form-custom elementor-widget elementor-widget-shortcode\" data-id=\"7c08a77\" data-element_type=\"widget\" data-widget_type=\"shortcode.default\">\n\t\t\t\t<div class=\"elementor-widget-container\">\n\t\t\t\t\t\t\t<div class=\"elementor-shortcode\">\n<div class=\"wpcf7 no-js\" id=\"wpcf7-f2022-o1\" lang=\"de-DE\" dir=\"ltr\" data-wpcf7-id=\"2022\">\n<div class=\"screen-reader-response\"><p role=\"status\" aria-live=\"polite\" aria-atomic=\"true\"><\/p> <ul><\/ul><\/div>\n<form action=\"\/de\/wp-json\/wp\/v2\/pages\/1281#wpcf7-f2022-o1\" method=\"post\" class=\"wpcf7-form init\" aria-label=\"Kontaktformular\" novalidate=\"novalidate\" data-status=\"init\">\n<div style=\"display: none;\">\n<input type=\"hidden\" name=\"_wpcf7\" value=\"2022\" \/>\n<input type=\"hidden\" name=\"_wpcf7_version\" value=\"6.0.6\" \/>\n<input type=\"hidden\" name=\"_wpcf7_locale\" value=\"de_DE\" \/>\n<input type=\"hidden\" name=\"_wpcf7_unit_tag\" value=\"wpcf7-f2022-o1\" \/>\n<input type=\"hidden\" name=\"_wpcf7_container_post\" value=\"0\" \/>\n<input type=\"hidden\" name=\"_wpcf7_posted_data_hash\" value=\"\" \/>\n<\/div>\n<div class=\"nl-contact newsletter\">\n\t<div class=\"row1\">\n\t\t<p><span class=\"wpcf7-form-control-wrap\" data-name=\"gender\"><select class=\"wpcf7-form-control wpcf7-select\" aria-invalid=\"false\" name=\"gender\"><option value=\"Anrede\">Anrede<\/option><option value=\"Frau\">Frau<\/option><option value=\"Herr\">Herr<\/option><option value=\"Divers\">Divers<\/option><\/select><\/span><span class=\"wpcf7-form-control-wrap\" data-name=\"your-name\"><input size=\"40\" maxlength=\"400\" class=\"wpcf7-form-control wpcf7-text wpcf7-validates-as-required\" aria-required=\"true\" aria-invalid=\"false\" placeholder=\"Vor- und Nachname\" value=\"\" type=\"text\" name=\"your-name\" \/><\/span><span class=\"wpcf7-form-control-wrap\" data-name=\"your-email\"><input size=\"40\" maxlength=\"400\" class=\"wpcf7-form-control wpcf7-email wpcf7-validates-as-required wpcf7-text wpcf7-validates-as-email\" aria-required=\"true\" aria-invalid=\"false\" placeholder=\"E-Mail-Adresse\" value=\"\" type=\"email\" name=\"your-email\" \/><\/span>\n\t\t<\/p>\n\t<\/div>\n\t<div class=\"terms\">\n\t\t<p><span class=\"wpcf7-form-control-wrap\" data-name=\"checkbox-agree_to_terms\"><span class=\"wpcf7-form-control wpcf7-checkbox wpcf7-validates-as-required\"><span class=\"wpcf7-list-item first last\"><label><input type=\"checkbox\" name=\"checkbox-agree_to_terms[]\" value=\"Ich stimme der Zusendung der Newsletter zu, akzeptiere die Allgemeinen Gesch\u00e4ftsbedingungen und die Datenschutzrichtlinien.*\" \/><span class=\"wpcf7-list-item-label\">Ich stimme der Zusendung der Newsletter zu, akzeptiere die Allgemeinen Gesch\u00e4ftsbedingungen und die Datenschutzrichtlinien.*<\/span><\/label><\/span><\/span><\/span><span class=\"wpcf7-form-control-wrap\" data-name=\"checkbox-agree_to_profile\"><span class=\"wpcf7-form-control wpcf7-checkbox wpcf7-validates-as-required\"><span class=\"wpcf7-list-item first last\"><label><input type=\"checkbox\" name=\"checkbox-agree_to_profile[]\" value=\"Ich stimme der Erstellung des Kundenprofils zu, um individuelle Informationen zu erhalten.*\" \/><span class=\"wpcf7-list-item-label\">Ich stimme der Erstellung des Kundenprofils zu, um individuelle Informationen zu erhalten.*<\/span><\/label><\/span><\/span><\/span>\n\t\t<\/p>\n\t<\/div>\n\t<p><input class=\"wpcf7-form-control wpcf7-submit has-spinner\" type=\"submit\" value=\"Anmelden\" \/>\n\t<\/p>\n<\/div><div class=\"wpcf7-response-output\" aria-hidden=\"true\"><\/div>\n<\/form>\n<\/div>\n<\/div>\n\t\t\t\t\t\t<\/div>\n\t\t\t\t<\/div>\n\t\t\t\t\t<\/div>\n\t\t<\/div>\n\t\t\t\t<div class=\"elementor-column elementor-col-16 elementor-top-column elementor-element elementor-element-e1aa30c\" data-id=\"e1aa30c\" data-element_type=\"column\">\n\t\t\t<div class=\"elementor-widget-wrap\">\n\t\t\t\t\t\t\t<\/div>\n\t\t<\/div>\n\t\t\t\t\t<\/div>\n\t\t<\/section>\n\t\t\t\t<\/div>\n\t\t","protected":false},"excerpt":{"rendered":"<p>Impressum Diese Website wird betrieben und betreut von: NaturalLook GmbHBraillestra\u00dfe 739100 Bozen (BZ)Tel. 0471-531253info@naturallook.it Gesch\u00e4ftsf\u00fchrer: Frowin Pitschl MwSt-Nr., Steuernummer und Handelsregister: 01479900217 Gesellschaftskapital: \u20ac 1.000.000 Copyright: \u00a9 NaturalLook GmbH Das Unternehmen unterliegt der Leitung und Koordination durch die Waypix Invest GmbH Kodex fu\u0308r die elektronische Fakturierung: CLJB5DS Konzept &amp; Projektmanagement clicktext GmbH Marktplatz 6 39052 &hellip;<\/p>\n<p class=\"read-more\"> <a class=\"\" href=\"https:\/\/www.naturallook.it\/de\/impressum\/\"> <span class=\"screen-reader-text\">Impressum<\/span> Weiterlesen &raquo;<\/a><\/p>\n","protected":false},"author":1,"featured_media":0,"parent":0,"menu_order":0,"comment_status":"closed","ping_status":"closed","template":"","meta":{"footnotes":""},"class_list":["post-1281","page","type-page","status-publish","hentry"],"yoast_head":"<!-- This site is optimized with the Yoast SEO plugin v25.0 - https:\/\/yoast.com\/wordpress\/plugins\/seo\/ -->\n<title>Impressum - Naturallook<\/title>\n<meta name=\"robots\" content=\"index, follow, max-snippet:-1, max-image-preview:large, max-video-preview:-1\" \/>\n<link rel=\"canonical\" href=\"https:\/\/www.naturallook.it\/de\/impressum\/\" \/>\n<meta property=\"og:locale\" content=\"de_DE\" \/>\n<meta property=\"og:type\" content=\"article\" \/>\n<meta property=\"og:title\" content=\"Impressum - Naturallook\" \/>\n<meta property=\"og:description\" content=\"Impressum Diese Website wird betrieben und betreut von: NaturalLook GmbHBraillestra\u00dfe 739100 Bozen (BZ)Tel. 0471-531253info@naturallook.it Gesch\u00e4ftsf\u00fchrer: Frowin Pitschl MwSt-Nr., Steuernummer und Handelsregister: 01479900217 Gesellschaftskapital: \u20ac 1.000.000 Copyright: \u00a9 NaturalLook GmbH Das Unternehmen unterliegt der Leitung und Koordination durch die Waypix Invest GmbH Kodex fu\u0308r die elektronische Fakturierung: CLJB5DS Konzept &amp; Projektmanagement clicktext GmbH Marktplatz 6 39052 &hellip; Impressum Weiterlesen &raquo;\" \/>\n<meta property=\"og:url\" content=\"https:\/\/www.naturallook.it\/de\/impressum\/\" \/>\n<meta property=\"og:site_name\" content=\"Naturallook\" \/>\n<meta property=\"article:modified_time\" content=\"2023-10-02T07:58:03+00:00\" \/>\n<meta name=\"twitter:card\" content=\"summary_large_image\" \/>\n<meta name=\"twitter:label1\" content=\"Gesch\u00e4tzte Lesezeit\" \/>\n\t<meta name=\"twitter:data1\" content=\"1\u00a0Minute\" \/>\n<script type=\"application\/ld+json\" class=\"yoast-schema-graph\">{\"@context\":\"https:\/\/schema.org\",\"@graph\":[{\"@type\":\"WebPage\",\"@id\":\"https:\/\/www.naturallook.it\/de\/impressum\/\",\"url\":\"https:\/\/www.naturallook.it\/de\/impressum\/\",\"name\":\"Impressum - Naturallook\",\"isPartOf\":{\"@id\":\"https:\/\/www.naturallook.it\/de\/#website\"},\"datePublished\":\"2021-09-18T09:36:16+00:00\",\"dateModified\":\"2023-10-02T07:58:03+00:00\",\"breadcrumb\":{\"@id\":\"https:\/\/www.naturallook.it\/de\/impressum\/#breadcrumb\"},\"inLanguage\":\"de\",\"potentialAction\":[{\"@type\":\"ReadAction\",\"target\":[\"https:\/\/www.naturallook.it\/de\/impressum\/\"]}]},{\"@type\":\"BreadcrumbList\",\"@id\":\"https:\/\/www.naturallook.it\/de\/impressum\/#breadcrumb\",\"itemListElement\":[{\"@type\":\"ListItem\",\"position\":1,\"name\":\"Startseite\",\"item\":\"https:\/\/www.naturallook.it\/de\/\"},{\"@type\":\"ListItem\",\"position\":2,\"name\":\"Impressum\"}]},{\"@type\":\"WebSite\",\"@id\":\"https:\/\/www.naturallook.it\/de\/#website\",\"url\":\"https:\/\/www.naturallook.it\/de\/\",\"name\":\"Naturallook\",\"description\":\"\",\"publisher\":{\"@id\":\"https:\/\/www.naturallook.it\/de\/#organization\"},\"potentialAction\":[{\"@type\":\"SearchAction\",\"target\":{\"@type\":\"EntryPoint\",\"urlTemplate\":\"https:\/\/www.naturallook.it\/de\/?s={search_term_string}\"},\"query-input\":{\"@type\":\"PropertyValueSpecification\",\"valueRequired\":true,\"valueName\":\"search_term_string\"}}],\"inLanguage\":\"de\"},{\"@type\":\"Organization\",\"@id\":\"https:\/\/www.naturallook.it\/de\/#organization\",\"name\":\"Naturallook\",\"url\":\"https:\/\/www.naturallook.it\/de\/\",\"logo\":{\"@type\":\"ImageObject\",\"inLanguage\":\"de\",\"@id\":\"https:\/\/www.naturallook.it\/de\/#\/schema\/logo\/image\/\",\"url\":\"https:\/\/www.naturallook.it\/wp-content\/uploads\/2021\/07\/cropped-logo.png\",\"contentUrl\":\"https:\/\/www.naturallook.it\/wp-content\/uploads\/2021\/07\/cropped-logo.png\",\"width\":247,\"height\":82,\"caption\":\"Naturallook\"},\"image\":{\"@id\":\"https:\/\/www.naturallook.it\/de\/#\/schema\/logo\/image\/\"}}]}<\/script>\n<!-- \/ Yoast SEO plugin. -->","yoast_head_json":{"title":"Impressum - Naturallook","robots":{"index":"index","follow":"follow","max-snippet":"max-snippet:-1","max-image-preview":"max-image-preview:large","max-video-preview":"max-video-preview:-1"},"canonical":"https:\/\/www.naturallook.it\/de\/impressum\/","og_locale":"de_DE","og_type":"article","og_title":"Impressum - Naturallook","og_description":"Impressum Diese Website wird betrieben und betreut von: NaturalLook GmbHBraillestra\u00dfe 739100 Bozen (BZ)Tel. 0471-531253info@naturallook.it Gesch\u00e4ftsf\u00fchrer: Frowin Pitschl MwSt-Nr., Steuernummer und Handelsregister: 01479900217 Gesellschaftskapital: \u20ac 1.000.000 Copyright: \u00a9 NaturalLook GmbH Das Unternehmen unterliegt der Leitung und Koordination durch die Waypix Invest GmbH Kodex fu\u0308r die elektronische Fakturierung: CLJB5DS Konzept &amp; Projektmanagement clicktext GmbH Marktplatz 6 39052 &hellip; Impressum Weiterlesen &raquo;","og_url":"https:\/\/www.naturallook.it\/de\/impressum\/","og_site_name":"Naturallook","article_modified_time":"2023-10-02T07:58:03+00:00","twitter_card":"summary_large_image","twitter_misc":{"Gesch\u00e4tzte Lesezeit":"1\u00a0Minute"},"schema":{"@context":"https:\/\/schema.org","@graph":[{"@type":"WebPage","@id":"https:\/\/www.naturallook.it\/de\/impressum\/","url":"https:\/\/www.naturallook.it\/de\/impressum\/","name":"Impressum - Naturallook","isPartOf":{"@id":"https:\/\/www.naturallook.it\/de\/#website"},"datePublished":"2021-09-18T09:36:16+00:00","dateModified":"2023-10-02T07:58:03+00:00","breadcrumb":{"@id":"https:\/\/www.naturallook.it\/de\/impressum\/#breadcrumb"},"inLanguage":"de","potentialAction":[{"@type":"ReadAction","target":["https:\/\/www.naturallook.it\/de\/impressum\/"]}]},{"@type":"BreadcrumbList","@id":"https:\/\/www.naturallook.it\/de\/impressum\/#breadcrumb","itemListElement":[{"@type":"ListItem","position":1,"name":"Startseite","item":"https:\/\/www.naturallook.it\/de\/"},{"@type":"ListItem","position":2,"name":"Impressum"}]},{"@type":"WebSite","@id":"https:\/\/www.naturallook.it\/de\/#website","url":"https:\/\/www.naturallook.it\/de\/","name":"Naturallook","description":"","publisher":{"@id":"https:\/\/www.naturallook.it\/de\/#organization"},"potentialAction":[{"@type":"SearchAction","target":{"@type":"EntryPoint","urlTemplate":"https:\/\/www.naturallook.it\/de\/?s={search_term_string}"},"query-input":{"@type":"PropertyValueSpecification","valueRequired":true,"valueName":"search_term_string"}}],"inLanguage":"de"},{"@type":"Organization","@id":"https:\/\/www.naturallook.it\/de\/#organization","name":"Naturallook","url":"https:\/\/www.naturallook.it\/de\/","logo":{"@type":"ImageObject","inLanguage":"de","@id":"https:\/\/www.naturallook.it\/de\/#\/schema\/logo\/image\/","url":"https:\/\/www.naturallook.it\/wp-content\/uploads\/2021\/07\/cropped-logo.png","contentUrl":"https:\/\/www.naturallook.it\/wp-content\/uploads\/2021\/07\/cropped-logo.png","width":247,"height":82,"caption":"Naturallook"},"image":{"@id":"https:\/\/www.naturallook.it\/de\/#\/schema\/logo\/image\/"}}]}},"_links":{"self":[{"href":"https:\/\/www.naturallook.it\/de\/wp-json\/wp\/v2\/pages\/1281","targetHints":{"allow":["GET"]}}],"collection":[{"href":"https:\/\/www.naturallook.it\/de\/wp-json\/wp\/v2\/pages"}],"about":[{"href":"https:\/\/www.naturallook.it\/de\/wp-json\/wp\/v2\/types\/page"}],"author":[{"embeddable":true,"href":"https:\/\/www.naturallook.it\/de\/wp-json\/wp\/v2\/users\/1"}],"replies":[{"embeddable":true,"href":"https:\/\/www.naturallook.it\/de\/wp-json\/wp\/v2\/comments?post=1281"}],"version-history":[{"count":104,"href":"https:\/\/www.naturallook.it\/de\/wp-json\/wp\/v2\/pages\/1281\/revisions"}],"predecessor-version":[{"id":6722,"href":"https:\/\/www.naturallook.it\/de\/wp-json\/wp\/v2\/pages\/1281\/revisions\/6722"}],"wp:attachment":[{"href":"https:\/\/www.naturallook.it\/de\/wp-json\/wp\/v2\/media?parent=1281"}],"curies":[{"name":"wp","href":"https:\/\/api.w.org\/{rel}","templated":true}]}}